{"id":1582,"date":"2022-03-08T13:00:08","date_gmt":"2022-03-08T13:00:08","guid":{"rendered":"https:\/\/mapleviewagri.ca\/ressources\/heat-stress-in-calves\/"},"modified":"2026-02-24T01:32:26","modified_gmt":"2026-02-24T01:32:26","slug":"heat-stress-in-calves","status":"publish","type":"page","link":"https:\/\/mapleviewagri.ca\/fr\/ressources\/heat-stress-in-calves\/","title":{"rendered":"Stress thermique chez les veaux"},"content":{"rendered":"\n<div class=\"wp-block-group medium is-layout-flow wp-block-group-is-layout-flow\">\n<div class=\"wp-block-columns is-layout-flex wp-container-core-columns-is-layout-9d6595d7 wp-block-columns-is-layout-flex\">\n<div class=\"wp-block-column is-layout-flow wp-block-column-is-layout-flow\" style=\"flex-basis:66.66%\">\n<h1 class=\"wp-block-heading\" id=\"heat-stress-in-calves\">Stress thermique chez les veaux<\/h1>\n\n\n\n<p>Avec l\u2019arriv\u00e9e du printemps viennent les rappels annuels des effets n\u00e9gatifs que le stress thermique peut avoir sur les vaches. Mais \u00e0 quelle fr\u00e9quence pensez-vous aux impacts n\u00e9gatifs potentiels sur vos veaux?<\/p>\n\n\n\n<p>Il est important de comprendre la zone de neutralit\u00e9 thermique du veau. Il s\u2019agit de la plage de temp\u00e9ratures dans laquelle un veau ne d\u00e9pense pas d\u2019\u00e9nergie suppl\u00e9mentaire pour se r\u00e9chauffer ou se refroidir. Chez les veaux \u00e2g\u00e9s de 0 \u00e0 3 semaines, la zone de neutralit\u00e9 thermique se situe entre 10 et 25 \u00b0C. Chez les veaux plus \u00e2g\u00e9s, elle varie de 0 \u00e0 25 \u00b0C. Il est int\u00e9ressant de noter que les veaux soumis au stress thermique doivent en r\u00e9alit\u00e9 d\u00e9penser de l\u2019\u00e9nergie pour se refroidir, n\u00e9cessitant de 20 \u00e0 30 % d\u2019\u00e9nergie suppl\u00e9mentaire pour y parvenir. C\u2019est un enjeu majeur, d\u2019autant plus que l\u2019app\u00e9tit des veaux peut diminuer consid\u00e9rablement par temps chaud. Cela peut avoir un impact direct sur le fonctionnement de leur syst\u00e8me immunitaire et nuire \u00e0 leur capacit\u00e9 de faire face \u00e0 d\u2019autres d\u00e9fis de sant\u00e9 qui pourraient survenir. De nombreux veaux pr\u00e9sentent \u00e9galement des niveaux \u00e9lev\u00e9s d\u2019hormones de stress durant cette p\u00e9riode.<\/p>\n\n\n\n<h3 class=\"wp-block-heading\" id=\"signs\">Signes<\/h3>\n\n\n\n<p>Les signes et indicateurs de stress thermique comprennent : un comportement l\u00e9thargique, un hal\u00e8tement accru et une diminution de l\u2019app\u00e9tit.<br\/>Smoother \/ more polished: Les cons\u00e9quences plus graves comprennent des yeux enfonc\u00e9s, une augmentation de la fr\u00e9quence du pouls, ainsi que des gencives et des muqueuses s\u00e8ches en raison de la d\u00e9shydratation. Bien que quelque peu subjectif, le test du pli cutan\u00e9 peut \u00eatre un bon outil pour \u00e9valuer le degr\u00e9 de d\u00e9shydratation. Une temp\u00e9rature rectale sup\u00e9rieure \u00e0 39,4 \u00b0C indique \u00e9galement un stress thermique.<\/p>\n\n\n\n<h3 class=\"wp-block-heading\" id=\"feeding-strategy\">Strat\u00e9gie d\u2019alimentation<\/h3>\n\n\n\n<p>Comme pour de nombreux aspects li\u00e9s aux veaux, l\u2019intervention pr\u00e9coce et la pr\u00e9paration sont essentielles. Il est pr\u00e9f\u00e9rable de maintenir des distributions de lait r\u00e9guli\u00e8res, car les veaux soumis au stress thermique ont toujours besoin de calories pour assurer leur entretien et leur croissance. \u00c9tant donn\u00e9 que les besoins \u00e9nerg\u00e9tiques sont plus \u00e9lev\u00e9s, il est pr\u00e9f\u00e9rable d\u2019offrir des repas plus fr\u00e9quents afin d\u2019augmenter le volume total de lait, plut\u00f4t que de tenter de distribuer un plus grand volume deux fois par jour. Il n\u2019est pas non plus recommand\u00e9 de m\u00e9langer plus de poudre que ce qui est indiqu\u00e9 sur l\u2019\u00e9tiquette, car cela peut entra\u00eener un taux de mati\u00e8res s\u00e8ches inutilement \u00e9lev\u00e9; une concentration de 13 \u00e0 15 % est ad\u00e9quate. Assurez-vous \u00e9galement de garder le d\u00e9marreur frais.<\/p>\n\n\n\n<h3 class=\"wp-block-heading\" id=\"water\">Eau<\/h3>\n\n\n\n<p>Un apport suppl\u00e9mentaire en eau peut sembler \u00e9vident, mais ne doit pas \u00eatre n\u00e9glig\u00e9. Les veaux soumis au stress thermique perdent de l\u2019eau par le hal\u00e8tement et la sudation afin de tenter de se rafra\u00eechir. Les veaux boivent normalement de 6 \u00e0 12 L d\u2019eau par jour, tandis que les veaux soumis au stress thermique peuvent en consommer jusqu\u2019\u00e0 20 L afin de maintenir une hydratation normale. L\u2019administration d\u2019\u00e9lectrolytes en milieu de journ\u00e9e est une bonne strat\u00e9gie pour aider \u00e0 r\u00e9hydrater les veaux et \u00e0 remplacer les min\u00e9raux perdus, tout en fournissant un apport \u00e9nerg\u00e9tique suppl\u00e9mentaire. Veillez \u00e0 ne pas administrer d\u2019\u00e9lectrolytes avec du lait entier ou du substitut de lait, car cela peut entra\u00eener des troubles digestifs.<\/p>\n\n\n\n<h3 class=\"wp-block-heading\" id=\"housing\">Housing<\/h3>\n\n\n\n<p>La surveillance de l\u2019environnement des veaux constitue une part importante de la lutte contre le stress thermique chez les veaux. La recommandation actuelle pour le renouvellement d\u2019air dans les b\u00e2timents \u00e0 veaux en hiver est d\u2019au moins 4 \u00e9changes d\u2019air par jour, comparativement \u00e0 la recommandation estivale qui est d\u2019un minimum de 40 \u00e9changes d\u2019air par jour. L\u2019\u00e9limination de l\u2019air humide et stagnant contenant de l\u2019ammoniac et des bact\u00e9ries am\u00e9liorera grandement la qualit\u00e9 de l\u2019air et r\u00e9duira les probl\u00e8mes respiratoires. Les ouvertures de ventilation des niches \u00e0 veaux devraient toutes \u00eatre ouvertes et l\u2019arri\u00e8re l\u00e9g\u00e8rement sur\u00e9lev\u00e9 afin de permettre une ventilation naturelle maximale; offrir de l\u2019ombre peut \u00e9galement grandement contribuer \u00e0 r\u00e9duire la chaleur. Des liti\u00e8res alternatives, comme le sable ou les copeaux, peuvent \u00e9galement aider \u00e0 r\u00e9duire la chaleur g\u00e9n\u00e9r\u00e9e par la paille durant l\u2019\u00e9t\u00e9. Maintenir la liti\u00e8re propre, fra\u00eeche et s\u00e8che aidera \u00e9galement \u00e0 r\u00e9duire les populations de mouches.<\/p>\n\n\n\n<h3 class=\"wp-block-heading\" id=\"gentle-handling\">Manipulation en douceur<\/h3>\n\n\n\n<p>Le dernier point \u00e0 souligner en ce qui concerne le stress thermique est d\u2019\u00e9viter toute surcharge d\u2019efforts chez les veaux. Les interventions telles que la vaccination, l\u2019\u00e9cornage ou le d\u00e9placement des veaux devraient \u00eatre effectu\u00e9es de mani\u00e8re douce et rapide, id\u00e9alement durant les heures matinales lorsque les temp\u00e9ratures sont plus fra\u00eeches.<\/p>\n\n\n\n<section class=\"share-block\"> \n    <div class=\"share\">\n        <div class=\"addtoany_shortcode\"><div class=\"a2a_kit a2a_kit_size_32 addtoany_list\" data-a2a-url=\"https:\/\/mapleviewagri.ca\/fr\/ressources\/heat-stress-in-calves\/\" data-a2a-title=\"Stress thermique chez les veaux\"><a class=\"a2a_button_facebook\" href=\"https:\/\/www.addtoany.com\/add_to\/facebook?linkurl=https%3A%2F%2Fmapleviewagri.ca%2Ffr%2Fressources%2Fheat-stress-in-calves%2F&amp;linkname=Stress%20thermique%20chez%20les%20veaux\" title=\"Facebook\" rel=\"nofollow noopener\" target=\"_blank\"><\/a><a class=\"a2a_button_twitter\" href=\"https:\/\/www.addtoany.com\/add_to\/twitter?linkurl=https%3A%2F%2Fmapleviewagri.ca%2Ffr%2Fressources%2Fheat-stress-in-calves%2F&amp;linkname=Stress%20thermique%20chez%20les%20veaux\" title=\"Twitter\" rel=\"nofollow noopener\" target=\"_blank\"><\/a><a class=\"a2a_button_email\" href=\"https:\/\/www.addtoany.com\/add_to\/email?linkurl=https%3A%2F%2Fmapleviewagri.ca%2Ffr%2Fressources%2Fheat-stress-in-calves%2F&amp;linkname=Stress%20thermique%20chez%20les%20veaux\" title=\"Email\" rel=\"nofollow noopener\" target=\"_blank\"><\/a><\/div><\/div>    <\/div>\n<\/section><\/div>\n\n\n\n<div class=\"wp-block-column is-layout-flow wp-block-column-is-layout-flow\" style=\"flex-basis:33.33%\">\n<div style=\"height:50px\" aria-hidden=\"true\" class=\"wp-block-spacer\"><\/div>\n<\/div>\n<\/div>\n<\/div>\n","protected":false},"excerpt":{"rendered":"<p>Stress thermique chez les veaux Avec l\u2019arriv\u00e9e du printemps viennent les rappels annuels des effets n\u00e9gatifs que le stress thermique peut avoir sur les vaches. Mais \u00e0 quelle fr\u00e9quence pensez-vous aux impacts n\u00e9gatifs potentiels sur vos veaux? Il est important de comprendre la zone de neutralit\u00e9 thermique du veau. Il s\u2019agit de la plage de [&hellip;]<\/p>\n","protected":false},"author":1,"featured_media":0,"parent":1574,"menu_order":0,"comment_status":"closed","ping_status":"closed","template":"","meta":{"_acf_changed":false,"inline_featured_image":false,"footnotes":""},"class_list":["post-1582","page","type-page","status-publish","hentry"],"acf":[],"yoast_head":"<!-- This site is optimized with the Yoast SEO plugin v26.8 - https:\/\/yoast.com\/product\/yoast-seo-wordpress\/ -->\n<title>Stress thermique chez les veaux - Mapleview Agri<\/title>\n<meta name=\"robots\" content=\"index, follow, max-snippet:-1, max-image-preview:large, max-video-preview:-1\" \/>\n<link rel=\"canonical\" href=\"https:\/\/mapleviewagri.ca\/fr\/ressources\/heat-stress-in-calves\/\" \/>\n<meta property=\"og:locale\" content=\"fr_FR\" \/>\n<meta property=\"og:type\" content=\"article\" \/>\n<meta property=\"og:title\" content=\"Stress thermique chez les veaux - Mapleview Agri\" \/>\n<meta property=\"og:description\" content=\"Stress thermique chez les veaux Avec l\u2019arriv\u00e9e du printemps viennent les rappels annuels des effets n\u00e9gatifs que le stress thermique peut avoir sur les vaches. Mais \u00e0 quelle fr\u00e9quence pensez-vous aux impacts n\u00e9gatifs potentiels sur vos veaux? Il est important de comprendre la zone de neutralit\u00e9 thermique du veau. Il s\u2019agit de la plage de [&hellip;]\" \/>\n<meta property=\"og:url\" content=\"https:\/\/mapleviewagri.ca\/fr\/ressources\/heat-stress-in-calves\/\" \/>\n<meta property=\"og:site_name\" content=\"Mapleview Agri\" \/>\n<meta property=\"article:publisher\" content=\"https:\/\/www.facebook.com\/Mapleview-Agri-Ltd-253859671480070\/\" \/>\n<meta property=\"article:modified_time\" content=\"2026-02-24T01:32:26+00:00\" \/>\n<meta property=\"og:image\" content=\"https:\/\/mapleviewagri.ca\/wp-content\/uploads\/2021\/11\/mapleview-64.jpg\" \/>\n\t<meta property=\"og:image:width\" content=\"1400\" \/>\n\t<meta property=\"og:image:height\" content=\"934\" \/>\n\t<meta property=\"og:image:type\" content=\"image\/jpeg\" \/>\n<meta name=\"twitter:card\" content=\"summary_large_image\" \/>\n<meta name=\"twitter:site\" content=\"@mapleviewagri\" \/>\n<meta name=\"twitter:label1\" content=\"Dur\u00e9e de lecture estim\u00e9e\" \/>\n\t<meta name=\"twitter:data1\" content=\"4 minutes\" \/>\n<script type=\"application\/ld+json\" class=\"yoast-schema-graph\">{\"@context\":\"https:\/\/schema.org\",\"@graph\":[{\"@type\":\"WebPage\",\"@id\":\"https:\/\/mapleviewagri.ca\/fr\/ressources\/heat-stress-in-calves\/\",\"url\":\"https:\/\/mapleviewagri.ca\/fr\/ressources\/heat-stress-in-calves\/\",\"name\":\"Stress thermique chez les veaux - Mapleview Agri\",\"isPartOf\":{\"@id\":\"https:\/\/mapleviewagri.ca\/fr\/#website\"},\"datePublished\":\"2022-03-08T13:00:08+00:00\",\"dateModified\":\"2026-02-24T01:32:26+00:00\",\"breadcrumb\":{\"@id\":\"https:\/\/mapleviewagri.ca\/fr\/ressources\/heat-stress-in-calves\/#breadcrumb\"},\"inLanguage\":\"fr-FR\",\"potentialAction\":[{\"@type\":\"ReadAction\",\"target\":[\"https:\/\/mapleviewagri.ca\/fr\/ressources\/heat-stress-in-calves\/\"]}]},{\"@type\":\"BreadcrumbList\",\"@id\":\"https:\/\/mapleviewagri.ca\/fr\/ressources\/heat-stress-in-calves\/#breadcrumb\",\"itemListElement\":[{\"@type\":\"ListItem\",\"position\":1,\"name\":\"Home\",\"item\":\"https:\/\/mapleviewagri.ca\/fr\/\"},{\"@type\":\"ListItem\",\"position\":2,\"name\":\"Conseils de Mapleview Agri\",\"item\":\"https:\/\/mapleviewagri.ca\/fr\/ressources\/\"},{\"@type\":\"ListItem\",\"position\":3,\"name\":\"Stress thermique chez les veaux\"}]},{\"@type\":\"WebSite\",\"@id\":\"https:\/\/mapleviewagri.ca\/fr\/#website\",\"url\":\"https:\/\/mapleviewagri.ca\/fr\/\",\"name\":\"Mapleview Agri\",\"description\":\"Future performance starts today.\",\"publisher\":{\"@id\":\"https:\/\/mapleviewagri.ca\/fr\/#organization\"},\"potentialAction\":[{\"@type\":\"SearchAction\",\"target\":{\"@type\":\"EntryPoint\",\"urlTemplate\":\"https:\/\/mapleviewagri.ca\/fr\/?s={search_term_string}\"},\"query-input\":{\"@type\":\"PropertyValueSpecification\",\"valueRequired\":true,\"valueName\":\"search_term_string\"}}],\"inLanguage\":\"fr-FR\"},{\"@type\":\"Organization\",\"@id\":\"https:\/\/mapleviewagri.ca\/fr\/#organization\",\"name\":\"Mapleview Agri ltd.\",\"url\":\"https:\/\/mapleviewagri.ca\/fr\/\",\"logo\":{\"@type\":\"ImageObject\",\"inLanguage\":\"fr-FR\",\"@id\":\"https:\/\/mapleviewagri.ca\/fr\/#\/schema\/logo\/image\/\",\"url\":\"https:\/\/mapleviewagri.ca\/wp-content\/uploads\/2022\/02\/mapleview-agri-ltd-logo-1.jpg\",\"contentUrl\":\"https:\/\/mapleviewagri.ca\/wp-content\/uploads\/2022\/02\/mapleview-agri-ltd-logo-1.jpg\",\"width\":1000,\"height\":778,\"caption\":\"Mapleview Agri ltd.\"},\"image\":{\"@id\":\"https:\/\/mapleviewagri.ca\/fr\/#\/schema\/logo\/image\/\"},\"sameAs\":[\"https:\/\/www.facebook.com\/Mapleview-Agri-Ltd-253859671480070\/\",\"https:\/\/x.com\/mapleviewagri\",\"https:\/\/www.instagram.com\/mapleviewagriltd\/\"]}]}<\/script>\n<!-- \/ Yoast SEO plugin. -->","yoast_head_json":{"title":"Stress thermique chez les veaux - Mapleview Agri","robots":{"index":"index","follow":"follow","max-snippet":"max-snippet:-1","max-image-preview":"max-image-preview:large","max-video-preview":"max-video-preview:-1"},"canonical":"https:\/\/mapleviewagri.ca\/fr\/ressources\/heat-stress-in-calves\/","og_locale":"fr_FR","og_type":"article","og_title":"Stress thermique chez les veaux - Mapleview Agri","og_description":"Stress thermique chez les veaux Avec l\u2019arriv\u00e9e du printemps viennent les rappels annuels des effets n\u00e9gatifs que le stress thermique peut avoir sur les vaches. Mais \u00e0 quelle fr\u00e9quence pensez-vous aux impacts n\u00e9gatifs potentiels sur vos veaux? Il est important de comprendre la zone de neutralit\u00e9 thermique du veau. Il s\u2019agit de la plage de [&hellip;]","og_url":"https:\/\/mapleviewagri.ca\/fr\/ressources\/heat-stress-in-calves\/","og_site_name":"Mapleview Agri","article_publisher":"https:\/\/www.facebook.com\/Mapleview-Agri-Ltd-253859671480070\/","article_modified_time":"2026-02-24T01:32:26+00:00","og_image":[{"width":1400,"height":934,"url":"https:\/\/mapleviewagri.ca\/wp-content\/uploads\/2021\/11\/mapleview-64.jpg","type":"image\/jpeg"}],"twitter_card":"summary_large_image","twitter_site":"@mapleviewagri","twitter_misc":{"Dur\u00e9e de lecture estim\u00e9e":"4 minutes"},"schema":{"@context":"https:\/\/schema.org","@graph":[{"@type":"WebPage","@id":"https:\/\/mapleviewagri.ca\/fr\/ressources\/heat-stress-in-calves\/","url":"https:\/\/mapleviewagri.ca\/fr\/ressources\/heat-stress-in-calves\/","name":"Stress thermique chez les veaux - Mapleview Agri","isPartOf":{"@id":"https:\/\/mapleviewagri.ca\/fr\/#website"},"datePublished":"2022-03-08T13:00:08+00:00","dateModified":"2026-02-24T01:32:26+00:00","breadcrumb":{"@id":"https:\/\/mapleviewagri.ca\/fr\/ressources\/heat-stress-in-calves\/#breadcrumb"},"inLanguage":"fr-FR","potentialAction":[{"@type":"ReadAction","target":["https:\/\/mapleviewagri.ca\/fr\/ressources\/heat-stress-in-calves\/"]}]},{"@type":"BreadcrumbList","@id":"https:\/\/mapleviewagri.ca\/fr\/ressources\/heat-stress-in-calves\/#breadcrumb","itemListElement":[{"@type":"ListItem","position":1,"name":"Home","item":"https:\/\/mapleviewagri.ca\/fr\/"},{"@type":"ListItem","position":2,"name":"Conseils de Mapleview Agri","item":"https:\/\/mapleviewagri.ca\/fr\/ressources\/"},{"@type":"ListItem","position":3,"name":"Stress thermique chez les veaux"}]},{"@type":"WebSite","@id":"https:\/\/mapleviewagri.ca\/fr\/#website","url":"https:\/\/mapleviewagri.ca\/fr\/","name":"Mapleview Agri","description":"Future performance starts today.","publisher":{"@id":"https:\/\/mapleviewagri.ca\/fr\/#organization"},"potentialAction":[{"@type":"SearchAction","target":{"@type":"EntryPoint","urlTemplate":"https:\/\/mapleviewagri.ca\/fr\/?s={search_term_string}"},"query-input":{"@type":"PropertyValueSpecification","valueRequired":true,"valueName":"search_term_string"}}],"inLanguage":"fr-FR"},{"@type":"Organization","@id":"https:\/\/mapleviewagri.ca\/fr\/#organization","name":"Mapleview Agri ltd.","url":"https:\/\/mapleviewagri.ca\/fr\/","logo":{"@type":"ImageObject","inLanguage":"fr-FR","@id":"https:\/\/mapleviewagri.ca\/fr\/#\/schema\/logo\/image\/","url":"https:\/\/mapleviewagri.ca\/wp-content\/uploads\/2022\/02\/mapleview-agri-ltd-logo-1.jpg","contentUrl":"https:\/\/mapleviewagri.ca\/wp-content\/uploads\/2022\/02\/mapleview-agri-ltd-logo-1.jpg","width":1000,"height":778,"caption":"Mapleview Agri ltd."},"image":{"@id":"https:\/\/mapleviewagri.ca\/fr\/#\/schema\/logo\/image\/"},"sameAs":["https:\/\/www.facebook.com\/Mapleview-Agri-Ltd-253859671480070\/","https:\/\/x.com\/mapleviewagri","https:\/\/www.instagram.com\/mapleviewagriltd\/"]}]}},"_links":{"self":[{"href":"https:\/\/mapleviewagri.ca\/fr\/wp-json\/wp\/v2\/pages\/1582","targetHints":{"allow":["GET"]}}],"collection":[{"href":"https:\/\/mapleviewagri.ca\/fr\/wp-json\/wp\/v2\/pages"}],"about":[{"href":"https:\/\/mapleviewagri.ca\/fr\/wp-json\/wp\/v2\/types\/page"}],"author":[{"embeddable":true,"href":"https:\/\/mapleviewagri.ca\/fr\/wp-json\/wp\/v2\/users\/1"}],"replies":[{"embeddable":true,"href":"https:\/\/mapleviewagri.ca\/fr\/wp-json\/wp\/v2\/comments?post=1582"}],"version-history":[{"count":3,"href":"https:\/\/mapleviewagri.ca\/fr\/wp-json\/wp\/v2\/pages\/1582\/revisions"}],"predecessor-version":[{"id":3286,"href":"https:\/\/mapleviewagri.ca\/fr\/wp-json\/wp\/v2\/pages\/1582\/revisions\/3286"}],"up":[{"embeddable":true,"href":"https:\/\/mapleviewagri.ca\/fr\/wp-json\/wp\/v2\/pages\/1574"}],"wp:attachment":[{"href":"https:\/\/mapleviewagri.ca\/fr\/wp-json\/wp\/v2\/media?parent=1582"}],"curies":[{"name":"wp","href":"https:\/\/api.w.org\/{rel}","templated":true}]}}