{"id":1584,"date":"2022-03-08T13:00:33","date_gmt":"2022-03-08T13:00:33","guid":{"rendered":"https:\/\/mapleviewagri.ca\/ressources\/milk-replacer-the-perfect-mix\/"},"modified":"2026-02-24T01:46:12","modified_gmt":"2026-02-24T01:46:12","slug":"milk-replacer-the-perfect-mix","status":"publish","type":"page","link":"https:\/\/mapleviewagri.ca\/fr\/ressources\/milk-replacer-the-perfect-mix\/","title":{"rendered":"Substitut de lait \u2013 Le m\u00e9lange parfait"},"content":{"rendered":"\n<div class=\"wp-block-group medium is-layout-flow wp-block-group-is-layout-flow\">\n<div class=\"wp-block-columns is-layout-flex wp-container-core-columns-is-layout-9d6595d7 wp-block-columns-is-layout-flex\">\n<div class=\"wp-block-column is-layout-flow wp-block-column-is-layout-flow\" style=\"flex-basis:66.66%\">\n<h1 class=\"wp-block-heading\" id=\"milk-replacer-the-perfect-mix\">Substitut de lait \u2013 Le m\u00e9lange parfait<\/h1>\n\n\n\n<p>Lorsqu\u2019il s\u2019agit de pr\u00e9parer un lot de substitut de lait, la constance est primordiale. En suivant ces conseils, vous r\u00e9duirez les risques de probl\u00e8mes de m\u00e9lange, tels que la formation de grumeaux:<\/p>\n\n\n\n<ol class=\"wp-block-list\"><li>Il est recommand\u00e9 de mesurer la poudre de lait \u00e0 l\u2019aide d\u2019une balance \u00e0 chaque distribution OU, \u00e0 tout le moins, \u00e0 chaque nouvelle palette ou nouveau lot de produit, afin de s\u2019assurer de ne pas suralimenter ni sous-alimenter les jeunes animaux \u2014 la constance est essentielle.<\/li><li>Assurez-vous de mettre en place des protocoles de nettoyage ad\u00e9quats pour l\u2019\u00e9quipement de m\u00e9lange et d\u2019alimentation afin de r\u00e9duire la charge bact\u00e9rienne dans l\u2019environnement d\u2019abreuvement.<\/li><li><strong>Portez attention \u00e0 la temp\u00e9rature de m\u00e9lange.<\/strong> Des temp\u00e9ratures excessivement \u00e9lev\u00e9es peuvent entra\u00eener la migration des prot\u00e9ines loin des gouttelettes de gras, provoquant l\u2019agglom\u00e9ration des particules de mati\u00e8re grasse et leur remont\u00e9e \u00e0 la surface du m\u00e9lange. Un autre sc\u00e9nario possible est que les prot\u00e9ines demeurent attach\u00e9es aux gouttelettes de gras, mais qu\u2019\u00e0 des temp\u00e9ratures \u00e9lev\u00e9es elles s\u2019agr\u00e8gent entre elles, provoquant l\u2019agglom\u00e9ration des globules de prot\u00e9ines et de mati\u00e8res grasses. Voir les temp\u00e9ratures recommand\u00e9es ci-dessous.<\/li><\/ol>\n\n\n\n<div style=\"height:20px\" aria-hidden=\"true\" class=\"wp-block-spacer\"><\/div>\n\n\n\n<p>\u00c0 l\u2019inverse, l\u2019utilisation d\u2019une temp\u00e9rature trop basse peut entra\u00eener une solubilit\u00e9 r\u00e9duite de la poudre de lait.<\/p>\n\n\n\n<ol start=\"4\"><li>Il est recommand\u00e9 de mesurer la poudre de lait \u00e0 l\u2019aide d\u2019une balance pour chaque t\u00e9t\u00e9e OU, \u00e0 tout le moins, de v\u00e9rifier chaque nouvelle palette ou chaque nouveau lot de produit afin de s\u2019assurer de ne pas sous-doser ou surdoser les jeunes animaux \u2014 la constance est essentielle.<\/li><li>Assurez-vous de mettre en place des protocoles de nettoyage ad\u00e9quats pour l\u2019\u00e9quipement de m\u00e9lange et d\u2019alimentation afin de r\u00e9duire la charge bact\u00e9rienne dans l\u2019environnement d\u2019abreuvement.<\/li><\/ol>\n\n\n\n<h3 class=\"wp-block-heading\" id=\"manual-mixing-instructions-for-mapleview-agri-milk-replacer-products\">Instructions de m\u00e9lange manuel pour les produits de substitut de lait Mapleview Agri :<\/h3>\n\n\n\n<ol class=\"wp-block-list\"><li>D\u00e9terminez d\u2019abord le nombre total de litres de lait \u00e0 distribuer.<\/li><li>Mesurez la moiti\u00e9 de ce volume en eau chaude (50 \u00e0 60 \u00b0C maximum).<\/li><li>Pour d\u00e9terminer la quantit\u00e9 totale de poudre requise : utilisez une balance et pesez 130 g ou 150 g multipli\u00e9s par le nombre de litres de lait \u00e0 pr\u00e9parer. (Ex. : 15 L de lait n\u00e9cessitent 15 \u00d7 130 g, ce qui \u00e9quivaut \u00e0 1,95 kg de poudre.)<\/li><li>Ajouter ce substitut de lait \u00e0 l&rsquo;eau chaude et m\u00e9langer jusqu&rsquo;\u00e0 dissolution.<\/li><li>Ajoutez le reste de l\u2019eau afin d\u2019obtenir le volume total d\u00e9sir\u00e9, en visant une temp\u00e9rature finale de buv\u00e9e de 40 \u00e0 44 \u00b0C. Rem\u00e9langez avant la distribution. Il est utile d\u2019indiquer le nombre de litres sur le c\u00f4t\u00e9 du seau ou du baril de m\u00e9lange afin de faciliter la mesure du volume d\u2019eau.<\/li><\/ol>\n\n\n\n<div style=\"height:30px\" aria-hidden=\"true\" class=\"wp-block-spacer\"><\/div>\n\n\n\n<p>Remarque : 150 g par L correspond au taux d\u2019alimentation recommand\u00e9 en hiver; toutefois, certains producteurs constatent de meilleurs r\u00e9sultats en offrant 150 g tout au long de l\u2019ann\u00e9e.<\/p>\n\n\n\n<section class=\"share-block\"> \n    <div class=\"share\">\n        <div class=\"addtoany_shortcode\"><div class=\"a2a_kit a2a_kit_size_32 addtoany_list\" data-a2a-url=\"https:\/\/mapleviewagri.ca\/fr\/ressources\/milk-replacer-the-perfect-mix\/\" data-a2a-title=\"Substitut de lait \u2013 Le m\u00e9lange parfait\"><a class=\"a2a_button_facebook\" href=\"https:\/\/www.addtoany.com\/add_to\/facebook?linkurl=https%3A%2F%2Fmapleviewagri.ca%2Ffr%2Fressources%2Fmilk-replacer-the-perfect-mix%2F&amp;linkname=Substitut%20de%20lait%20%E2%80%93%20Le%20m%C3%A9lange%20parfait\" title=\"Facebook\" rel=\"nofollow noopener\" target=\"_blank\"><\/a><a class=\"a2a_button_twitter\" href=\"https:\/\/www.addtoany.com\/add_to\/twitter?linkurl=https%3A%2F%2Fmapleviewagri.ca%2Ffr%2Fressources%2Fmilk-replacer-the-perfect-mix%2F&amp;linkname=Substitut%20de%20lait%20%E2%80%93%20Le%20m%C3%A9lange%20parfait\" title=\"Twitter\" rel=\"nofollow noopener\" target=\"_blank\"><\/a><a class=\"a2a_button_email\" href=\"https:\/\/www.addtoany.com\/add_to\/email?linkurl=https%3A%2F%2Fmapleviewagri.ca%2Ffr%2Fressources%2Fmilk-replacer-the-perfect-mix%2F&amp;linkname=Substitut%20de%20lait%20%E2%80%93%20Le%20m%C3%A9lange%20parfait\" title=\"Email\" rel=\"nofollow noopener\" target=\"_blank\"><\/a><\/div><\/div>    <\/div>\n<\/section><\/div>\n\n\n\n<div class=\"wp-block-column is-layout-flow wp-block-column-is-layout-flow\" style=\"flex-basis:33.33%\">\n<div style=\"height:50px\" aria-hidden=\"true\" class=\"wp-block-spacer\"><\/div>\n<\/div>\n<\/div>\n<\/div>\n","protected":false},"excerpt":{"rendered":"<p>Substitut de lait \u2013 Le m\u00e9lange parfait Lorsqu\u2019il s\u2019agit de pr\u00e9parer un lot de substitut de lait, la constance est primordiale. En suivant ces conseils, vous r\u00e9duirez les risques de probl\u00e8mes de m\u00e9lange, tels que la formation de grumeaux: Il est recommand\u00e9 de mesurer la poudre de lait \u00e0 l\u2019aide d\u2019une balance \u00e0 chaque distribution [&hellip;]<\/p>\n","protected":false},"author":1,"featured_media":0,"parent":1574,"menu_order":0,"comment_status":"closed","ping_status":"closed","template":"","meta":{"_acf_changed":false,"inline_featured_image":false,"footnotes":""},"class_list":["post-1584","page","type-page","status-publish","hentry"],"acf":[],"yoast_head":"<!-- This site is optimized with the Yoast SEO plugin v26.8 - https:\/\/yoast.com\/product\/yoast-seo-wordpress\/ -->\n<title>Substitut de lait \u2013 Le m\u00e9lange parfait - Mapleview Agri<\/title>\n<meta name=\"robots\" content=\"index, follow, max-snippet:-1, max-image-preview:large, max-video-preview:-1\" \/>\n<link rel=\"canonical\" href=\"https:\/\/mapleviewagri.ca\/fr\/ressources\/milk-replacer-the-perfect-mix\/\" \/>\n<meta property=\"og:locale\" content=\"fr_FR\" \/>\n<meta property=\"og:type\" content=\"article\" \/>\n<meta property=\"og:title\" content=\"Substitut de lait \u2013 Le m\u00e9lange parfait - Mapleview Agri\" \/>\n<meta property=\"og:description\" content=\"Substitut de lait \u2013 Le m\u00e9lange parfait Lorsqu\u2019il s\u2019agit de pr\u00e9parer un lot de substitut de lait, la constance est primordiale. En suivant ces conseils, vous r\u00e9duirez les risques de probl\u00e8mes de m\u00e9lange, tels que la formation de grumeaux: Il est recommand\u00e9 de mesurer la poudre de lait \u00e0 l\u2019aide d\u2019une balance \u00e0 chaque distribution [&hellip;]\" \/>\n<meta property=\"og:url\" content=\"https:\/\/mapleviewagri.ca\/fr\/ressources\/milk-replacer-the-perfect-mix\/\" \/>\n<meta property=\"og:site_name\" content=\"Mapleview Agri\" \/>\n<meta property=\"article:publisher\" content=\"https:\/\/www.facebook.com\/Mapleview-Agri-Ltd-253859671480070\/\" \/>\n<meta property=\"article:modified_time\" content=\"2026-02-24T01:46:12+00:00\" \/>\n<meta property=\"og:image\" content=\"https:\/\/mapleviewagri.ca\/wp-content\/uploads\/2021\/11\/mapleview-64.jpg\" \/>\n\t<meta property=\"og:image:width\" content=\"1400\" \/>\n\t<meta property=\"og:image:height\" content=\"934\" \/>\n\t<meta property=\"og:image:type\" content=\"image\/jpeg\" \/>\n<meta name=\"twitter:card\" content=\"summary_large_image\" \/>\n<meta name=\"twitter:site\" content=\"@mapleviewagri\" \/>\n<meta name=\"twitter:label1\" content=\"Dur\u00e9e de lecture estim\u00e9e\" \/>\n\t<meta name=\"twitter:data1\" content=\"3 minutes\" \/>\n<script type=\"application\/ld+json\" class=\"yoast-schema-graph\">{\"@context\":\"https:\/\/schema.org\",\"@graph\":[{\"@type\":\"WebPage\",\"@id\":\"https:\/\/mapleviewagri.ca\/fr\/ressources\/milk-replacer-the-perfect-mix\/\",\"url\":\"https:\/\/mapleviewagri.ca\/fr\/ressources\/milk-replacer-the-perfect-mix\/\",\"name\":\"Substitut de lait \u2013 Le m\u00e9lange parfait - Mapleview Agri\",\"isPartOf\":{\"@id\":\"https:\/\/mapleviewagri.ca\/fr\/#website\"},\"datePublished\":\"2022-03-08T13:00:33+00:00\",\"dateModified\":\"2026-02-24T01:46:12+00:00\",\"breadcrumb\":{\"@id\":\"https:\/\/mapleviewagri.ca\/fr\/ressources\/milk-replacer-the-perfect-mix\/#breadcrumb\"},\"inLanguage\":\"fr-FR\",\"potentialAction\":[{\"@type\":\"ReadAction\",\"target\":[\"https:\/\/mapleviewagri.ca\/fr\/ressources\/milk-replacer-the-perfect-mix\/\"]}]},{\"@type\":\"BreadcrumbList\",\"@id\":\"https:\/\/mapleviewagri.ca\/fr\/ressources\/milk-replacer-the-perfect-mix\/#breadcrumb\",\"itemListElement\":[{\"@type\":\"ListItem\",\"position\":1,\"name\":\"Home\",\"item\":\"https:\/\/mapleviewagri.ca\/fr\/\"},{\"@type\":\"ListItem\",\"position\":2,\"name\":\"Conseils de Mapleview Agri\",\"item\":\"https:\/\/mapleviewagri.ca\/fr\/ressources\/\"},{\"@type\":\"ListItem\",\"position\":3,\"name\":\"Substitut de lait \u2013 Le m\u00e9lange parfait\"}]},{\"@type\":\"WebSite\",\"@id\":\"https:\/\/mapleviewagri.ca\/fr\/#website\",\"url\":\"https:\/\/mapleviewagri.ca\/fr\/\",\"name\":\"Mapleview Agri\",\"description\":\"Future performance starts today.\",\"publisher\":{\"@id\":\"https:\/\/mapleviewagri.ca\/fr\/#organization\"},\"potentialAction\":[{\"@type\":\"SearchAction\",\"target\":{\"@type\":\"EntryPoint\",\"urlTemplate\":\"https:\/\/mapleviewagri.ca\/fr\/?s={search_term_string}\"},\"query-input\":{\"@type\":\"PropertyValueSpecification\",\"valueRequired\":true,\"valueName\":\"search_term_string\"}}],\"inLanguage\":\"fr-FR\"},{\"@type\":\"Organization\",\"@id\":\"https:\/\/mapleviewagri.ca\/fr\/#organization\",\"name\":\"Mapleview Agri ltd.\",\"url\":\"https:\/\/mapleviewagri.ca\/fr\/\",\"logo\":{\"@type\":\"ImageObject\",\"inLanguage\":\"fr-FR\",\"@id\":\"https:\/\/mapleviewagri.ca\/fr\/#\/schema\/logo\/image\/\",\"url\":\"https:\/\/mapleviewagri.ca\/wp-content\/uploads\/2022\/02\/mapleview-agri-ltd-logo-1.jpg\",\"contentUrl\":\"https:\/\/mapleviewagri.ca\/wp-content\/uploads\/2022\/02\/mapleview-agri-ltd-logo-1.jpg\",\"width\":1000,\"height\":778,\"caption\":\"Mapleview Agri ltd.\"},\"image\":{\"@id\":\"https:\/\/mapleviewagri.ca\/fr\/#\/schema\/logo\/image\/\"},\"sameAs\":[\"https:\/\/www.facebook.com\/Mapleview-Agri-Ltd-253859671480070\/\",\"https:\/\/x.com\/mapleviewagri\",\"https:\/\/www.instagram.com\/mapleviewagriltd\/\"]}]}<\/script>\n<!-- \/ Yoast SEO plugin. -->","yoast_head_json":{"title":"Substitut de lait \u2013 Le m\u00e9lange parfait - Mapleview Agri","robots":{"index":"index","follow":"follow","max-snippet":"max-snippet:-1","max-image-preview":"max-image-preview:large","max-video-preview":"max-video-preview:-1"},"canonical":"https:\/\/mapleviewagri.ca\/fr\/ressources\/milk-replacer-the-perfect-mix\/","og_locale":"fr_FR","og_type":"article","og_title":"Substitut de lait \u2013 Le m\u00e9lange parfait - Mapleview Agri","og_description":"Substitut de lait \u2013 Le m\u00e9lange parfait Lorsqu\u2019il s\u2019agit de pr\u00e9parer un lot de substitut de lait, la constance est primordiale. En suivant ces conseils, vous r\u00e9duirez les risques de probl\u00e8mes de m\u00e9lange, tels que la formation de grumeaux: Il est recommand\u00e9 de mesurer la poudre de lait \u00e0 l\u2019aide d\u2019une balance \u00e0 chaque distribution [&hellip;]","og_url":"https:\/\/mapleviewagri.ca\/fr\/ressources\/milk-replacer-the-perfect-mix\/","og_site_name":"Mapleview Agri","article_publisher":"https:\/\/www.facebook.com\/Mapleview-Agri-Ltd-253859671480070\/","article_modified_time":"2026-02-24T01:46:12+00:00","og_image":[{"width":1400,"height":934,"url":"https:\/\/mapleviewagri.ca\/wp-content\/uploads\/2021\/11\/mapleview-64.jpg","type":"image\/jpeg"}],"twitter_card":"summary_large_image","twitter_site":"@mapleviewagri","twitter_misc":{"Dur\u00e9e de lecture estim\u00e9e":"3 minutes"},"schema":{"@context":"https:\/\/schema.org","@graph":[{"@type":"WebPage","@id":"https:\/\/mapleviewagri.ca\/fr\/ressources\/milk-replacer-the-perfect-mix\/","url":"https:\/\/mapleviewagri.ca\/fr\/ressources\/milk-replacer-the-perfect-mix\/","name":"Substitut de lait \u2013 Le m\u00e9lange parfait - Mapleview Agri","isPartOf":{"@id":"https:\/\/mapleviewagri.ca\/fr\/#website"},"datePublished":"2022-03-08T13:00:33+00:00","dateModified":"2026-02-24T01:46:12+00:00","breadcrumb":{"@id":"https:\/\/mapleviewagri.ca\/fr\/ressources\/milk-replacer-the-perfect-mix\/#breadcrumb"},"inLanguage":"fr-FR","potentialAction":[{"@type":"ReadAction","target":["https:\/\/mapleviewagri.ca\/fr\/ressources\/milk-replacer-the-perfect-mix\/"]}]},{"@type":"BreadcrumbList","@id":"https:\/\/mapleviewagri.ca\/fr\/ressources\/milk-replacer-the-perfect-mix\/#breadcrumb","itemListElement":[{"@type":"ListItem","position":1,"name":"Home","item":"https:\/\/mapleviewagri.ca\/fr\/"},{"@type":"ListItem","position":2,"name":"Conseils de Mapleview Agri","item":"https:\/\/mapleviewagri.ca\/fr\/ressources\/"},{"@type":"ListItem","position":3,"name":"Substitut de lait \u2013 Le m\u00e9lange parfait"}]},{"@type":"WebSite","@id":"https:\/\/mapleviewagri.ca\/fr\/#website","url":"https:\/\/mapleviewagri.ca\/fr\/","name":"Mapleview Agri","description":"Future performance starts today.","publisher":{"@id":"https:\/\/mapleviewagri.ca\/fr\/#organization"},"potentialAction":[{"@type":"SearchAction","target":{"@type":"EntryPoint","urlTemplate":"https:\/\/mapleviewagri.ca\/fr\/?s={search_term_string}"},"query-input":{"@type":"PropertyValueSpecification","valueRequired":true,"valueName":"search_term_string"}}],"inLanguage":"fr-FR"},{"@type":"Organization","@id":"https:\/\/mapleviewagri.ca\/fr\/#organization","name":"Mapleview Agri ltd.","url":"https:\/\/mapleviewagri.ca\/fr\/","logo":{"@type":"ImageObject","inLanguage":"fr-FR","@id":"https:\/\/mapleviewagri.ca\/fr\/#\/schema\/logo\/image\/","url":"https:\/\/mapleviewagri.ca\/wp-content\/uploads\/2022\/02\/mapleview-agri-ltd-logo-1.jpg","contentUrl":"https:\/\/mapleviewagri.ca\/wp-content\/uploads\/2022\/02\/mapleview-agri-ltd-logo-1.jpg","width":1000,"height":778,"caption":"Mapleview Agri ltd."},"image":{"@id":"https:\/\/mapleviewagri.ca\/fr\/#\/schema\/logo\/image\/"},"sameAs":["https:\/\/www.facebook.com\/Mapleview-Agri-Ltd-253859671480070\/","https:\/\/x.com\/mapleviewagri","https:\/\/www.instagram.com\/mapleviewagriltd\/"]}]}},"_links":{"self":[{"href":"https:\/\/mapleviewagri.ca\/fr\/wp-json\/wp\/v2\/pages\/1584","targetHints":{"allow":["GET"]}}],"collection":[{"href":"https:\/\/mapleviewagri.ca\/fr\/wp-json\/wp\/v2\/pages"}],"about":[{"href":"https:\/\/mapleviewagri.ca\/fr\/wp-json\/wp\/v2\/types\/page"}],"author":[{"embeddable":true,"href":"https:\/\/mapleviewagri.ca\/fr\/wp-json\/wp\/v2\/users\/1"}],"replies":[{"embeddable":true,"href":"https:\/\/mapleviewagri.ca\/fr\/wp-json\/wp\/v2\/comments?post=1584"}],"version-history":[{"count":3,"href":"https:\/\/mapleviewagri.ca\/fr\/wp-json\/wp\/v2\/pages\/1584\/revisions"}],"predecessor-version":[{"id":3288,"href":"https:\/\/mapleviewagri.ca\/fr\/wp-json\/wp\/v2\/pages\/1584\/revisions\/3288"}],"up":[{"embeddable":true,"href":"https:\/\/mapleviewagri.ca\/fr\/wp-json\/wp\/v2\/pages\/1574"}],"wp:attachment":[{"href":"https:\/\/mapleviewagri.ca\/fr\/wp-json\/wp\/v2\/media?parent=1584"}],"curies":[{"name":"wp","href":"https:\/\/api.w.org\/{rel}","templated":true}]}}