{"id":1602,"date":"2022-03-08T13:08:18","date_gmt":"2022-03-08T13:08:18","guid":{"rendered":"https:\/\/mapleviewagri.ca\/product\/calf-coats\/"},"modified":"2022-03-08T14:03:25","modified_gmt":"2022-03-08T14:03:25","slug":"calf-coats","status":"publish","type":"product","link":"https:\/\/mapleviewagri.ca\/fr\/product\/calf-coats\/","title":{"rendered":"Calf Coats"},"content":{"rendered":"\n<div class=\"wp-block-group medium is-layout-flow wp-block-group-is-layout-flow\">\n<div class=\"wp-block-columns are-vertically-aligned-center is-layout-flex wp-container-core-columns-is-layout-9d6595d7 wp-block-columns-is-layout-flex\">\n<div class=\"wp-block-column is-vertically-aligned-center is-layout-flow wp-block-column-is-layout-flow\">\n<p>Garder les veaux en bonne sant\u00e9 pendant la saison hivernale peut \u00eatre un d\u00e9fi. Le vent, la neige et le froid ajoutent du stress m\u00eame aux veaux les plus sains de la ferme. <\/p>\n\n\n\n<p>R\u00e9duisez ce stress avec un manteau de veau, en gardant les veaux au sec, au chaud et en plein essor.<\/p>\n\n\n\n<div style=\"height:20px\" aria-hidden=\"true\" class=\"wp-block-spacer\"><\/div>\n\n\n\n<h3 class=\"wp-block-heading\" id=\"features-of-our-calf-coats\">Caract\u00e9ristiques de nos manteaux de mollet<\/h3>\n\n\n\n<p>Nos manteaux de mollet sont fabriqu\u00e9s avec une coque ext\u00e9rieure imperm\u00e9able et une doublure chaude, favorisant la croissance et la vigueur pendant les hivers les plus froids.<\/p>\n\n\n\n<p>Pour aider \u00e0 prot\u00e9ger vos jeunes veaux, nos boucles de manteau de veau sont faites d&rsquo;un plastique durable, \u00e9liminant le traitement des engelures du contact de la peau avec les boucles en m\u00e9tal.<\/p>\n\n\n\n<h3 class=\"wp-block-heading\" id=\"calf-coats-save-you-money\">Les manteaux de mollet vous font \u00e9conomiser de l&rsquo;argent :<\/h3>\n\n\n\n<ul class=\"wp-block-list\"><li>Co\u00fbts de literie r\u00e9duits<\/li><li>Moins de d\u00e9pendance aux m\u00e9dicaments en prot\u00e9geant contre la pneumonie et les diarrh\u00e9es<\/li><li>\u00c9conomies d&rsquo;alimentation importantes<\/li><\/ul>\n\n\n\n<div style=\"height:30px\" aria-hidden=\"true\" class=\"wp-block-spacer\"><\/div>\n\n\n\n<p>Pour plus d&rsquo;informations sur les manteaux Mapleview Agri Calf Coats, <br\/><a href=\"https:\/\/mapleviewagri.ca\/fr\/contact\/\">contactez-nous<\/a> aujourd&rsquo;hui.<\/p>\n<\/div>\n\n\n\n<div class=\"wp-block-column is-vertically-aligned-center is-layout-flow wp-block-column-is-layout-flow\">\n<section class=\"gallery-block\"> \n    \n    <div class=\"gallery-slider\">\n\n                        <ul class=\"swiper-wrapper\">\n                    <li class=\"gallery-slide swiper-slide\">\n\n                <div class=\"quote_container\">\n                    <figure class=\"gallery_image\">\n                        <div class=\"gallery_image__img\" style=\"background-image: url('https:\/\/mapleviewagri.ca\/wp-content\/uploads\/2021\/12\/calf-coat-1-682x1024.jpg')\"><\/div>\n                    <\/figure>\n                    <div class=\"gallery_content\">\n                        <p class=\"caption\"><\/p>\n                    <\/div>\n                <\/div>\n\n            <\/li>\n                    <li class=\"gallery-slide swiper-slide\">\n\n                <div class=\"quote_container\">\n                    <figure class=\"gallery_image\">\n                        <div class=\"gallery_image__img\" style=\"background-image: url('https:\/\/mapleviewagri.ca\/wp-content\/uploads\/2021\/12\/calf-coat-3-682x1024.jpg')\"><\/div>\n                    <\/figure>\n                    <div class=\"gallery_content\">\n                        <p class=\"caption\"><\/p>\n                    <\/div>\n                <\/div>\n\n            <\/li>\n                    <li class=\"gallery-slide swiper-slide\">\n\n                <div class=\"quote_container\">\n                    <figure class=\"gallery_image\">\n                        <div class=\"gallery_image__img\" style=\"background-image: url('https:\/\/mapleviewagri.ca\/wp-content\/uploads\/2021\/12\/mapleview-21-1024x683.jpg')\"><\/div>\n                    <\/figure>\n                    <div class=\"gallery_content\">\n                        <p class=\"caption\"><\/p>\n                    <\/div>\n                <\/div>\n\n            <\/li>\n                <\/ul>\n                    <div class=\"slider-pagination\">\n                <div class=\"swiper-pagination\"><\/div>\n            <\/div>\n        \n\n        \t\t\n    <\/div>\n\n<\/section><\/div>\n<\/div>\n<\/div>\n\n<div style=\"height:50px\" aria-hidden=\"true\" class=\"wp-block-spacer\"><\/div>\n","protected":false},"excerpt":{"rendered":"<p>Garder les veaux en bonne sant\u00e9 pendant la saison hivernale peut \u00eatre un d\u00e9fi. Le vent, la neige et le froid ajoutent du stress m\u00eame aux veaux les plus sains de la ferme. R\u00e9duisez ce stress avec un manteau de veau, en gardant les veaux au sec, au chaud et en plein essor. Caract\u00e9ristiques de [&hellip;]<\/p>\n","protected":false},"featured_media":1089,"parent":0,"menu_order":0,"template":"","product_categories":[27],"class_list":["post-1602","product","type-product","status-publish","has-post-thumbnail","hentry","product_categories-other-fr"],"acf":[],"yoast_head":"<!-- This site is optimized with the Yoast SEO plugin v26.8 - https:\/\/yoast.com\/product\/yoast-seo-wordpress\/ -->\n<title>Calf Coats - Mapleview Agri<\/title>\n<meta name=\"robots\" content=\"index, follow, max-snippet:-1, max-image-preview:large, max-video-preview:-1\" \/>\n<link rel=\"canonical\" href=\"https:\/\/mapleviewagri.ca\/fr\/product\/calf-coats\/\" \/>\n<meta property=\"og:locale\" content=\"fr_FR\" \/>\n<meta property=\"og:type\" content=\"article\" \/>\n<meta property=\"og:title\" content=\"Calf Coats - Mapleview Agri\" \/>\n<meta property=\"og:description\" content=\"Garder les veaux en bonne sant\u00e9 pendant la saison hivernale peut \u00eatre un d\u00e9fi. Le vent, la neige et le froid ajoutent du stress m\u00eame aux veaux les plus sains de la ferme. R\u00e9duisez ce stress avec un manteau de veau, en gardant les veaux au sec, au chaud et en plein essor. Caract\u00e9ristiques de [&hellip;]\" \/>\n<meta property=\"og:url\" content=\"https:\/\/mapleviewagri.ca\/fr\/product\/calf-coats\/\" \/>\n<meta property=\"og:site_name\" content=\"Mapleview Agri\" \/>\n<meta property=\"article:publisher\" content=\"https:\/\/www.facebook.com\/Mapleview-Agri-Ltd-253859671480070\/\" \/>\n<meta property=\"article:modified_time\" content=\"2022-03-08T14:03:25+00:00\" \/>\n<meta property=\"og:image\" content=\"https:\/\/mapleviewagri.ca\/wp-content\/uploads\/2021\/12\/mapleview-21.jpg\" \/>\n\t<meta property=\"og:image:width\" content=\"1400\" \/>\n\t<meta property=\"og:image:height\" content=\"934\" \/>\n\t<meta property=\"og:image:type\" content=\"image\/jpeg\" \/>\n<meta name=\"twitter:card\" content=\"summary_large_image\" \/>\n<meta name=\"twitter:site\" content=\"@mapleviewagri\" \/>\n<meta name=\"twitter:label1\" content=\"Dur\u00e9e de lecture estim\u00e9e\" \/>\n\t<meta name=\"twitter:data1\" content=\"1 minute\" \/>\n<script type=\"application\/ld+json\" class=\"yoast-schema-graph\">{\"@context\":\"https:\/\/schema.org\",\"@graph\":[{\"@type\":\"WebPage\",\"@id\":\"https:\/\/mapleviewagri.ca\/fr\/product\/calf-coats\/\",\"url\":\"https:\/\/mapleviewagri.ca\/fr\/product\/calf-coats\/\",\"name\":\"Calf Coats - Mapleview Agri\",\"isPartOf\":{\"@id\":\"https:\/\/mapleviewagri.ca\/fr\/#website\"},\"primaryImageOfPage\":{\"@id\":\"https:\/\/mapleviewagri.ca\/fr\/product\/calf-coats\/#primaryimage\"},\"image\":{\"@id\":\"https:\/\/mapleviewagri.ca\/fr\/product\/calf-coats\/#primaryimage\"},\"thumbnailUrl\":\"https:\/\/mapleviewagri.ca\/wp-content\/uploads\/2021\/12\/mapleview-21.jpg\",\"datePublished\":\"2022-03-08T13:08:18+00:00\",\"dateModified\":\"2022-03-08T14:03:25+00:00\",\"breadcrumb\":{\"@id\":\"https:\/\/mapleviewagri.ca\/fr\/product\/calf-coats\/#breadcrumb\"},\"inLanguage\":\"fr-FR\",\"potentialAction\":[{\"@type\":\"ReadAction\",\"target\":[\"https:\/\/mapleviewagri.ca\/fr\/product\/calf-coats\/\"]}]},{\"@type\":\"ImageObject\",\"inLanguage\":\"fr-FR\",\"@id\":\"https:\/\/mapleviewagri.ca\/fr\/product\/calf-coats\/#primaryimage\",\"url\":\"https:\/\/mapleviewagri.ca\/wp-content\/uploads\/2021\/12\/mapleview-21.jpg\",\"contentUrl\":\"https:\/\/mapleviewagri.ca\/wp-content\/uploads\/2021\/12\/mapleview-21.jpg\",\"width\":1400,\"height\":934},{\"@type\":\"BreadcrumbList\",\"@id\":\"https:\/\/mapleviewagri.ca\/fr\/product\/calf-coats\/#breadcrumb\",\"itemListElement\":[{\"@type\":\"ListItem\",\"position\":1,\"name\":\"Home\",\"item\":\"https:\/\/mapleviewagri.ca\/fr\/\"},{\"@type\":\"ListItem\",\"position\":2,\"name\":\"Calf Coats\"}]},{\"@type\":\"WebSite\",\"@id\":\"https:\/\/mapleviewagri.ca\/fr\/#website\",\"url\":\"https:\/\/mapleviewagri.ca\/fr\/\",\"name\":\"Mapleview Agri\",\"description\":\"Future performance starts today.\",\"publisher\":{\"@id\":\"https:\/\/mapleviewagri.ca\/fr\/#organization\"},\"potentialAction\":[{\"@type\":\"SearchAction\",\"target\":{\"@type\":\"EntryPoint\",\"urlTemplate\":\"https:\/\/mapleviewagri.ca\/fr\/?s={search_term_string}\"},\"query-input\":{\"@type\":\"PropertyValueSpecification\",\"valueRequired\":true,\"valueName\":\"search_term_string\"}}],\"inLanguage\":\"fr-FR\"},{\"@type\":\"Organization\",\"@id\":\"https:\/\/mapleviewagri.ca\/fr\/#organization\",\"name\":\"Mapleview Agri ltd.\",\"url\":\"https:\/\/mapleviewagri.ca\/fr\/\",\"logo\":{\"@type\":\"ImageObject\",\"inLanguage\":\"fr-FR\",\"@id\":\"https:\/\/mapleviewagri.ca\/fr\/#\/schema\/logo\/image\/\",\"url\":\"https:\/\/mapleviewagri.ca\/wp-content\/uploads\/2022\/02\/mapleview-agri-ltd-logo-1.jpg\",\"contentUrl\":\"https:\/\/mapleviewagri.ca\/wp-content\/uploads\/2022\/02\/mapleview-agri-ltd-logo-1.jpg\",\"width\":1000,\"height\":778,\"caption\":\"Mapleview Agri ltd.\"},\"image\":{\"@id\":\"https:\/\/mapleviewagri.ca\/fr\/#\/schema\/logo\/image\/\"},\"sameAs\":[\"https:\/\/www.facebook.com\/Mapleview-Agri-Ltd-253859671480070\/\",\"https:\/\/x.com\/mapleviewagri\",\"https:\/\/www.instagram.com\/mapleviewagriltd\/\"]}]}<\/script>\n<!-- \/ Yoast SEO plugin. -->","yoast_head_json":{"title":"Calf Coats - Mapleview Agri","robots":{"index":"index","follow":"follow","max-snippet":"max-snippet:-1","max-image-preview":"max-image-preview:large","max-video-preview":"max-video-preview:-1"},"canonical":"https:\/\/mapleviewagri.ca\/fr\/product\/calf-coats\/","og_locale":"fr_FR","og_type":"article","og_title":"Calf Coats - Mapleview Agri","og_description":"Garder les veaux en bonne sant\u00e9 pendant la saison hivernale peut \u00eatre un d\u00e9fi. Le vent, la neige et le froid ajoutent du stress m\u00eame aux veaux les plus sains de la ferme. R\u00e9duisez ce stress avec un manteau de veau, en gardant les veaux au sec, au chaud et en plein essor. Caract\u00e9ristiques de [&hellip;]","og_url":"https:\/\/mapleviewagri.ca\/fr\/product\/calf-coats\/","og_site_name":"Mapleview Agri","article_publisher":"https:\/\/www.facebook.com\/Mapleview-Agri-Ltd-253859671480070\/","article_modified_time":"2022-03-08T14:03:25+00:00","og_image":[{"width":1400,"height":934,"url":"https:\/\/mapleviewagri.ca\/wp-content\/uploads\/2021\/12\/mapleview-21.jpg","type":"image\/jpeg"}],"twitter_card":"summary_large_image","twitter_site":"@mapleviewagri","twitter_misc":{"Dur\u00e9e de lecture estim\u00e9e":"1 minute"},"schema":{"@context":"https:\/\/schema.org","@graph":[{"@type":"WebPage","@id":"https:\/\/mapleviewagri.ca\/fr\/product\/calf-coats\/","url":"https:\/\/mapleviewagri.ca\/fr\/product\/calf-coats\/","name":"Calf Coats - Mapleview Agri","isPartOf":{"@id":"https:\/\/mapleviewagri.ca\/fr\/#website"},"primaryImageOfPage":{"@id":"https:\/\/mapleviewagri.ca\/fr\/product\/calf-coats\/#primaryimage"},"image":{"@id":"https:\/\/mapleviewagri.ca\/fr\/product\/calf-coats\/#primaryimage"},"thumbnailUrl":"https:\/\/mapleviewagri.ca\/wp-content\/uploads\/2021\/12\/mapleview-21.jpg","datePublished":"2022-03-08T13:08:18+00:00","dateModified":"2022-03-08T14:03:25+00:00","breadcrumb":{"@id":"https:\/\/mapleviewagri.ca\/fr\/product\/calf-coats\/#breadcrumb"},"inLanguage":"fr-FR","potentialAction":[{"@type":"ReadAction","target":["https:\/\/mapleviewagri.ca\/fr\/product\/calf-coats\/"]}]},{"@type":"ImageObject","inLanguage":"fr-FR","@id":"https:\/\/mapleviewagri.ca\/fr\/product\/calf-coats\/#primaryimage","url":"https:\/\/mapleviewagri.ca\/wp-content\/uploads\/2021\/12\/mapleview-21.jpg","contentUrl":"https:\/\/mapleviewagri.ca\/wp-content\/uploads\/2021\/12\/mapleview-21.jpg","width":1400,"height":934},{"@type":"BreadcrumbList","@id":"https:\/\/mapleviewagri.ca\/fr\/product\/calf-coats\/#breadcrumb","itemListElement":[{"@type":"ListItem","position":1,"name":"Home","item":"https:\/\/mapleviewagri.ca\/fr\/"},{"@type":"ListItem","position":2,"name":"Calf Coats"}]},{"@type":"WebSite","@id":"https:\/\/mapleviewagri.ca\/fr\/#website","url":"https:\/\/mapleviewagri.ca\/fr\/","name":"Mapleview Agri","description":"Future performance starts today.","publisher":{"@id":"https:\/\/mapleviewagri.ca\/fr\/#organization"},"potentialAction":[{"@type":"SearchAction","target":{"@type":"EntryPoint","urlTemplate":"https:\/\/mapleviewagri.ca\/fr\/?s={search_term_string}"},"query-input":{"@type":"PropertyValueSpecification","valueRequired":true,"valueName":"search_term_string"}}],"inLanguage":"fr-FR"},{"@type":"Organization","@id":"https:\/\/mapleviewagri.ca\/fr\/#organization","name":"Mapleview Agri ltd.","url":"https:\/\/mapleviewagri.ca\/fr\/","logo":{"@type":"ImageObject","inLanguage":"fr-FR","@id":"https:\/\/mapleviewagri.ca\/fr\/#\/schema\/logo\/image\/","url":"https:\/\/mapleviewagri.ca\/wp-content\/uploads\/2022\/02\/mapleview-agri-ltd-logo-1.jpg","contentUrl":"https:\/\/mapleviewagri.ca\/wp-content\/uploads\/2022\/02\/mapleview-agri-ltd-logo-1.jpg","width":1000,"height":778,"caption":"Mapleview Agri ltd."},"image":{"@id":"https:\/\/mapleviewagri.ca\/fr\/#\/schema\/logo\/image\/"},"sameAs":["https:\/\/www.facebook.com\/Mapleview-Agri-Ltd-253859671480070\/","https:\/\/x.com\/mapleviewagri","https:\/\/www.instagram.com\/mapleviewagriltd\/"]}]}},"_links":{"self":[{"href":"https:\/\/mapleviewagri.ca\/fr\/wp-json\/wp\/v2\/product\/1602","targetHints":{"allow":["GET"]}}],"collection":[{"href":"https:\/\/mapleviewagri.ca\/fr\/wp-json\/wp\/v2\/product"}],"about":[{"href":"https:\/\/mapleviewagri.ca\/fr\/wp-json\/wp\/v2\/types\/product"}],"wp:featuredmedia":[{"embeddable":true,"href":"https:\/\/mapleviewagri.ca\/fr\/wp-json\/wp\/v2\/media\/1089"}],"wp:attachment":[{"href":"https:\/\/mapleviewagri.ca\/fr\/wp-json\/wp\/v2\/media?parent=1602"}],"wp:term":[{"taxonomy":"product_categories","embeddable":true,"href":"https:\/\/mapleviewagri.ca\/fr\/wp-json\/wp\/v2\/product_categories?post=1602"}],"curies":[{"name":"wp","href":"https:\/\/api.w.org\/{rel}","templated":true}]}}