{"id":1608,"date":"2022-03-08T13:17:54","date_gmt":"2022-03-08T13:17:54","guid":{"rendered":"https:\/\/mapleviewagri.ca\/product\/mapleview-rapid-start-deccox\/"},"modified":"2022-03-08T13:54:16","modified_gmt":"2022-03-08T13:54:16","slug":"mapleview-rapid-start-deccox","status":"publish","type":"product","link":"https:\/\/mapleviewagri.ca\/fr\/product\/mapleview-rapid-start-deccox\/","title":{"rendered":"Mapleview Rapid Start + Deccox"},"content":{"rendered":"\n<div class=\"wp-block-group medium is-layout-flow wp-block-group-is-layout-flow\">\n<div class=\"wp-block-columns is-layout-flex wp-container-core-columns-is-layout-9d6595d7 wp-block-columns-is-layout-flex\">\n<div class=\"wp-block-column is-layout-flow wp-block-column-is-layout-flow\" style=\"flex-basis:66.66%\">\n<p>Il s&rsquo;agit d&rsquo;un aliment d&rsquo;allaitement hautement digestible formul\u00e9 \u00e0 partir des informations scientifiques les plus r\u00e9centes et con\u00e7u pour une croissance optimale des jeunes veaux laitiers.<\/p>\n\n\n\n<p>Il est formul\u00e9, \u00e0 partir d&rsquo;un m\u00e9lange d&rsquo;ingr\u00e9dients, pour une dispersion rapide r\u00e9sultant en un substitut de lait avec une texture et un ar\u00f4me hautement d\u00e9sirables pour stimuler l&rsquo;app\u00e9tit du jeune veau. La digestibilit\u00e9 optimale pour le jeune veau est maintenue, que le lait de remplacement soit utilis\u00e9 dans un syst\u00e8me de m\u00e9lange informatis\u00e9 ou manuel. Il est m\u00e9dicament\u00e9 avec Deccox pour le contr\u00f4le de la coccidiose chez les veaux. Bien qu&rsquo;aucun script v\u00e9t\u00e9rinaire ne soit requis, veuillez lire l&rsquo;\u00e9tiquette pour les instructions.<\/p>\n\n\n\n<h3 class=\"wp-block-heading\" id=\"features-benefits\">Caract\u00e9ristiques et avantages<\/h3>\n\n\n\n<div class=\"wp-block-columns is-layout-flex wp-container-core-columns-is-layout-9d6595d7 wp-block-columns-is-layout-flex\">\n<div class=\"wp-block-column is-layout-flow wp-block-column-is-layout-flow\">\n\n<\/div>\n\n\n\n<div class=\"wp-block-column is-layout-flow wp-block-column-is-layout-flow\">\n\n<\/div>\n<\/div>\n<\/div>\n\n\n\n<div class=\"wp-block-column is-layout-flow wp-block-column-is-layout-flow\" style=\"flex-basis:33.33%\">\n<div style=\"height:50px\" aria-hidden=\"true\" class=\"wp-block-spacer\"><\/div>\n\n\n\n<figure class=\"wp-block-image size-full\"><img loading=\"lazy\" decoding=\"async\" width=\"768\" height=\"956\" src=\"https:\/\/mapleviewagri.ca\/wp-content\/uploads\/2021\/12\/mapleviewbag.png\" alt=\"\" class=\"wp-image-194\" srcset=\"https:\/\/mapleviewagri.ca\/wp-content\/uploads\/2021\/12\/mapleviewbag.png 768w, https:\/\/mapleviewagri.ca\/wp-content\/uploads\/2021\/12\/mapleviewbag-241x300.png 241w\" sizes=\"auto, (max-width: 768px) 100vw, 768px\" \/><\/figure>\n<\/div>\n<\/div>\n<\/div>\n\n<div class=\"wp-block-group bg-maple medium is-layout-flow wp-block-group-is-layout-flow\">\n<div class=\"wp-block-columns is-layout-flex wp-container-core-columns-is-layout-9d6595d7 wp-block-columns-is-layout-flex\">\n<div class=\"wp-block-column is-layout-flow wp-block-column-is-layout-flow\">\n<h3 class=\"wp-block-heading\" id=\"guaranteed-analysis\">Analyse garantie<\/h3>\n\n\n\n<figure class=\"wp-block-table\"><table><tbody><tr><td>Prot\u00e9ine brute (min)<\/td><td>26.0%<\/td><\/tr><tr><td>Prot\u00e9ine de lait (min)<\/td><td>26.0%<\/td><\/tr><tr><td>Mati\u00e8re grasse brute (min)<\/td><td>17.0%<\/td><\/tr><tr><td>Fibre brute (max)<\/td><td>0.30%<\/td><\/tr><\/tbody><\/table><\/figure>\n<\/div>\n\n\n\n<div class=\"wp-block-column is-layout-flow wp-block-column-is-layout-flow\">\n<h3 class=\"wp-block-heading\" id=\"vitamins-minerals\">Vitamines &amp; Min\u00e9raux<\/h3>\n\n\n\n<figure class=\"wp-block-table\"><table><tbody><tr><td>Vitamin A (min)<\/td><td>40,000 IU\/kg<\/td><\/tr><tr><td>Vitamin D (min)<\/td><td>12,000 IU\/kg<\/td><\/tr><tr><td>Vitamin D (min)<\/td><td>275 IU\/kg<\/td><\/tr><tr><td>Calcium (actual)<\/td><td>0.95%<\/td><\/tr><tr><td>Phosphorus (actual)<\/td><td>0.75%<\/td><\/tr><tr><td>Sodium (actual)<\/td><td>0.50%<\/td><\/tr><\/tbody><\/table><\/figure>\n<\/div>\n<\/div>\n<\/div>\n\n<div class=\"wp-block-group medium is-layout-flow wp-block-group-is-layout-flow\">\n<div class=\"wp-block-columns is-layout-flex wp-container-core-columns-is-layout-9d6595d7 wp-block-columns-is-layout-flex\">\n<div class=\"wp-block-column is-layout-flow wp-block-column-is-layout-flow\" style=\"flex-basis:66.66%\">\n<h3 class=\"wp-block-heading\" id=\"manual-mixing-instructions\">Instructions de m\u00e9lange manuel<\/h3>\n\n\n\n<ol class=\"wp-block-list\"><li>D\u00e9terminez d&rsquo;abord le nombre de litres de lait \u00e0 donner.<\/li><li>Mesurez la moiti\u00e9 de ce volume sous forme d&rsquo;eau chaude (47-60 degr\u00e9s).<\/li><li>Pour d\u00e9terminer la quantit\u00e9 de poudre, utilisez une balance et pesez 130g fois le nombre de litres de lait \u00e0 donner. (ex. 15L de lait n\u00e9cessite 15 x 130g ce qui \u00e9quivaut \u00e0 2kg de poudre.)<\/li><li>Ajouter ce substitut de lait \u00e0 l&rsquo;eau chaude et m\u00e9langer jusqu&rsquo;\u00e0 dissolution.<\/li><li>Ajouter le reste de l&rsquo;eau pour obtenir le volume d\u00e9sir\u00e9 en visant une temp\u00e9rature de consommation finale de 40-44 C. Re-m\u00e9langer avant de servir.<\/li><\/ol>\n\n\n\n<h3 class=\"wp-block-heading\" id=\"computer-feeder-instructions\">Instructions du chargeur d&rsquo;ordinateur<\/h3>\n\n\n\n<ol class=\"wp-block-list\"><li>Calibrez l&rsquo;ordinateur pour ajouter 150 g de lait de remplacement par litre d&rsquo;eau distribu\u00e9e.<\/li><\/ol>\n<\/div>\n\n\n\n<div class=\"wp-block-column is-layout-flow wp-block-column-is-layout-flow\" style=\"flex-basis:33.33%\"><\/div>\n<\/div>\n\n\n\n<h3 class=\"wp-block-heading\" id=\"feeding-rates\">Taux d&rsquo;alimentation<\/h3>\n\n\n\n<figure class=\"wp-block-table\"><table><tbody><tr><td><strong>Age \/ Weight<\/strong><\/td><td><strong>Liters per Feeding<\/strong><\/td><td><strong>Milk Powder \/ Feeding<\/strong><\/td><td><strong>Feedings \/ Day<\/strong><\/td><\/tr><tr><td>Day 1-3<\/td><td>4-6 Liters of Colostrum<\/td><td><\/td><td>ASAP<\/td><\/tr><tr><td>40 kg<\/td><td>3.1 L<\/td><td>400<\/td><td>2<\/td><\/tr><tr><td>45 kg<\/td><td>3.5 L<\/td><td>450<\/td><td>2<\/td><\/tr><tr><td>50 kg<\/td><td>3.9 L<\/td><td>500<\/td><td>2<\/td><\/tr><tr><td>55 kg<\/td><td>4.3 L<\/td><td>550<\/td><td>2<\/td><\/tr><tr><td>60 kg<\/td><td>4.7 L<\/td><td>600<\/td><td>2<\/td><\/tr><tr><td>65 kg<\/td><td>5.0 L<\/td><td>650<\/td><td>2<\/td><\/tr><tr><td>Weaning<\/td><td>3 Liters of non-medicated milk repalcer<\/td><td><\/td><td>1<\/td><\/tr><\/tbody><\/table><\/figure>\n\n\n\n<p>Pour plus d&rsquo;informations sur Mapleview Rapid Start + Deccox 25kg, t\u00e9l\u00e9chargez notre d\u00e9pliant.<\/p>\n\n\n        \n<div class=\"product-meta\">\n\n    \n            <a class=\"cta-btn\" target=\"\" href=\"https:\/\/mapleviewagri.ca\/wp-content\/uploads\/2022\/02\/Rapid-Start-plus-Deccox-Flyer.pdf\">T\u00e9l\u00e9charger le PDF<\/a>\n                <a class=\"cta-btn fill\" target=\"\" href=\"https:\/\/mapleviewagri.ca\/dealers\/\">Trouver un revendeur<\/a>\n            \n<\/div>\n\n\n\n\n\n<div style=\"height:100px\" aria-hidden=\"true\" class=\"wp-block-spacer\"><\/div>\n<\/div>\n\n\n<section id=\"testimonials-block-block_61af387cb8f21\" class=\"testimonials-block\"> \n    <div class=\"section--heading\">\n        <div class=\"content-wrapper wider\">\n                                <\/div>    \n    <\/div>\n\n    <div class=\"testimonials-slider\">\n\n            \n        <ul class=\"swiper-wrapper\">\n                            <li class=\"testimonial-slide swiper-slide\">\n\n                    <div class=\"quote_container\">\n                        <figure class=\"quote_image\">\n                                                            <div class=\"quote_image__img\" style=\"background-image: url('https:\/\/mapleviewagri.ca\/wp-content\/uploads\/2021\/12\/RGG-Farms-.jpg')\"><\/div>\n                                                    <\/figure>\n                        <div class=\"quote_content\">\n                            <div>\n                                <p class=\"quote\">Nous utilisons Mapleview Rapid Start + Deccox depuis 6 ans et cela nous a aid\u00e9s \u00e0 produire des veaux en bonne sant\u00e9, avec d&rsquo;excellents poids au sevrage dans nos Holstein et nos Jersey. C&rsquo;est toujours un produit tr\u00e8s coh\u00e9rent qui fonctionne tr\u00e8s bien dans notre mangeoire. Ces veaux bien muscl\u00e9s au sevrage sont indispensables \u00e0 la traite de nos g\u00e9nisses \u00e0 22 mois. Des veaux sains et forts = des vaches tr\u00e8s productives !<\/p>\n                                <h5 class=\"name\">Farrell Family<\/h5>\n                                <span class=\"location\">RG&amp;G Farms Ltd<\/span>\n                            <\/div>\n                        <\/div>\n                    <\/div>\n\n                <\/li>\n            \n        <\/ul>\n        \n        \t\t\n    <\/div>\n\n<\/section>","protected":false},"excerpt":{"rendered":"<p>Il s&rsquo;agit d&rsquo;un aliment d&rsquo;allaitement hautement digestible formul\u00e9 \u00e0 partir des informations scientifiques les plus r\u00e9centes et con\u00e7u pour une croissance optimale des jeunes veaux laitiers. Il est formul\u00e9, \u00e0 partir d&rsquo;un m\u00e9lange d&rsquo;ingr\u00e9dients, pour une dispersion rapide r\u00e9sultant en un substitut de lait avec une texture et un ar\u00f4me hautement d\u00e9sirables pour stimuler l&rsquo;app\u00e9tit [&hellip;]<\/p>\n","protected":false},"featured_media":2356,"parent":0,"menu_order":0,"template":"","product_categories":[24],"class_list":["post-1608","product","type-product","status-publish","has-post-thumbnail","hentry","product_categories-calves-fr"],"acf":[],"yoast_head":"<!-- This site is optimized with the Yoast SEO plugin v26.8 - https:\/\/yoast.com\/product\/yoast-seo-wordpress\/ -->\n<title>Mapleview Rapid Start + Deccox - Mapleview Agri<\/title>\n<meta name=\"robots\" content=\"index, follow, max-snippet:-1, max-image-preview:large, max-video-preview:-1\" \/>\n<link rel=\"canonical\" href=\"https:\/\/mapleviewagri.ca\/fr\/product\/mapleview-rapid-start-deccox\/\" \/>\n<meta property=\"og:locale\" content=\"fr_FR\" \/>\n<meta property=\"og:type\" content=\"article\" \/>\n<meta property=\"og:title\" content=\"Mapleview Rapid Start + Deccox - Mapleview Agri\" \/>\n<meta property=\"og:description\" content=\"Il s&rsquo;agit d&rsquo;un aliment d&rsquo;allaitement hautement digestible formul\u00e9 \u00e0 partir des informations scientifiques les plus r\u00e9centes et con\u00e7u pour une croissance optimale des jeunes veaux laitiers. Il est formul\u00e9, \u00e0 partir d&rsquo;un m\u00e9lange d&rsquo;ingr\u00e9dients, pour une dispersion rapide r\u00e9sultant en un substitut de lait avec une texture et un ar\u00f4me hautement d\u00e9sirables pour stimuler l&rsquo;app\u00e9tit [&hellip;]\" \/>\n<meta property=\"og:url\" content=\"https:\/\/mapleviewagri.ca\/fr\/product\/mapleview-rapid-start-deccox\/\" \/>\n<meta property=\"og:site_name\" content=\"Mapleview Agri\" \/>\n<meta property=\"article:publisher\" content=\"https:\/\/www.facebook.com\/Mapleview-Agri-Ltd-253859671480070\/\" \/>\n<meta property=\"article:modified_time\" content=\"2022-03-08T13:54:16+00:00\" \/>\n<meta property=\"og:image\" content=\"https:\/\/mapleviewagri.ca\/wp-content\/uploads\/2021\/12\/mapleview-41.jpg\" \/>\n\t<meta property=\"og:image:width\" content=\"1400\" \/>\n\t<meta property=\"og:image:height\" content=\"875\" \/>\n\t<meta property=\"og:image:type\" content=\"image\/jpeg\" \/>\n<meta name=\"twitter:card\" content=\"summary_large_image\" \/>\n<meta name=\"twitter:site\" content=\"@mapleviewagri\" \/>\n<meta name=\"twitter:label1\" content=\"Dur\u00e9e de lecture estim\u00e9e\" \/>\n\t<meta name=\"twitter:data1\" content=\"2 minutes\" \/>\n<script type=\"application\/ld+json\" class=\"yoast-schema-graph\">{\"@context\":\"https:\/\/schema.org\",\"@graph\":[{\"@type\":\"WebPage\",\"@id\":\"https:\/\/mapleviewagri.ca\/fr\/product\/mapleview-rapid-start-deccox\/\",\"url\":\"https:\/\/mapleviewagri.ca\/fr\/product\/mapleview-rapid-start-deccox\/\",\"name\":\"Mapleview Rapid Start + Deccox - Mapleview Agri\",\"isPartOf\":{\"@id\":\"https:\/\/mapleviewagri.ca\/fr\/#website\"},\"primaryImageOfPage\":{\"@id\":\"https:\/\/mapleviewagri.ca\/fr\/product\/mapleview-rapid-start-deccox\/#primaryimage\"},\"image\":{\"@id\":\"https:\/\/mapleviewagri.ca\/fr\/product\/mapleview-rapid-start-deccox\/#primaryimage\"},\"thumbnailUrl\":\"https:\/\/mapleviewagri.ca\/wp-content\/uploads\/2021\/12\/IMG_5955-2-scaled-e1725893410319.jpg\",\"datePublished\":\"2022-03-08T13:17:54+00:00\",\"dateModified\":\"2022-03-08T13:54:16+00:00\",\"breadcrumb\":{\"@id\":\"https:\/\/mapleviewagri.ca\/fr\/product\/mapleview-rapid-start-deccox\/#breadcrumb\"},\"inLanguage\":\"fr-FR\",\"potentialAction\":[{\"@type\":\"ReadAction\",\"target\":[\"https:\/\/mapleviewagri.ca\/fr\/product\/mapleview-rapid-start-deccox\/\"]}]},{\"@type\":\"ImageObject\",\"inLanguage\":\"fr-FR\",\"@id\":\"https:\/\/mapleviewagri.ca\/fr\/product\/mapleview-rapid-start-deccox\/#primaryimage\",\"url\":\"https:\/\/mapleviewagri.ca\/wp-content\/uploads\/2021\/12\/IMG_5955-2-scaled-e1725893410319.jpg\",\"contentUrl\":\"https:\/\/mapleviewagri.ca\/wp-content\/uploads\/2021\/12\/IMG_5955-2-scaled-e1725893410319.jpg\",\"width\":1707,\"height\":2560},{\"@type\":\"BreadcrumbList\",\"@id\":\"https:\/\/mapleviewagri.ca\/fr\/product\/mapleview-rapid-start-deccox\/#breadcrumb\",\"itemListElement\":[{\"@type\":\"ListItem\",\"position\":1,\"name\":\"Home\",\"item\":\"https:\/\/mapleviewagri.ca\/fr\/\"},{\"@type\":\"ListItem\",\"position\":2,\"name\":\"Mapleview Rapid Start + Deccox\"}]},{\"@type\":\"WebSite\",\"@id\":\"https:\/\/mapleviewagri.ca\/fr\/#website\",\"url\":\"https:\/\/mapleviewagri.ca\/fr\/\",\"name\":\"Mapleview Agri\",\"description\":\"Future performance starts today.\",\"publisher\":{\"@id\":\"https:\/\/mapleviewagri.ca\/fr\/#organization\"},\"potentialAction\":[{\"@type\":\"SearchAction\",\"target\":{\"@type\":\"EntryPoint\",\"urlTemplate\":\"https:\/\/mapleviewagri.ca\/fr\/?s={search_term_string}\"},\"query-input\":{\"@type\":\"PropertyValueSpecification\",\"valueRequired\":true,\"valueName\":\"search_term_string\"}}],\"inLanguage\":\"fr-FR\"},{\"@type\":\"Organization\",\"@id\":\"https:\/\/mapleviewagri.ca\/fr\/#organization\",\"name\":\"Mapleview Agri ltd.\",\"url\":\"https:\/\/mapleviewagri.ca\/fr\/\",\"logo\":{\"@type\":\"ImageObject\",\"inLanguage\":\"fr-FR\",\"@id\":\"https:\/\/mapleviewagri.ca\/fr\/#\/schema\/logo\/image\/\",\"url\":\"https:\/\/mapleviewagri.ca\/wp-content\/uploads\/2022\/02\/mapleview-agri-ltd-logo-1.jpg\",\"contentUrl\":\"https:\/\/mapleviewagri.ca\/wp-content\/uploads\/2022\/02\/mapleview-agri-ltd-logo-1.jpg\",\"width\":1000,\"height\":778,\"caption\":\"Mapleview Agri ltd.\"},\"image\":{\"@id\":\"https:\/\/mapleviewagri.ca\/fr\/#\/schema\/logo\/image\/\"},\"sameAs\":[\"https:\/\/www.facebook.com\/Mapleview-Agri-Ltd-253859671480070\/\",\"https:\/\/x.com\/mapleviewagri\",\"https:\/\/www.instagram.com\/mapleviewagriltd\/\"]}]}<\/script>\n<!-- \/ Yoast SEO plugin. -->","yoast_head_json":{"title":"Mapleview Rapid Start + Deccox - Mapleview Agri","robots":{"index":"index","follow":"follow","max-snippet":"max-snippet:-1","max-image-preview":"max-image-preview:large","max-video-preview":"max-video-preview:-1"},"canonical":"https:\/\/mapleviewagri.ca\/fr\/product\/mapleview-rapid-start-deccox\/","og_locale":"fr_FR","og_type":"article","og_title":"Mapleview Rapid Start + Deccox - Mapleview Agri","og_description":"Il s&rsquo;agit d&rsquo;un aliment d&rsquo;allaitement hautement digestible formul\u00e9 \u00e0 partir des informations scientifiques les plus r\u00e9centes et con\u00e7u pour une croissance optimale des jeunes veaux laitiers. Il est formul\u00e9, \u00e0 partir d&rsquo;un m\u00e9lange d&rsquo;ingr\u00e9dients, pour une dispersion rapide r\u00e9sultant en un substitut de lait avec une texture et un ar\u00f4me hautement d\u00e9sirables pour stimuler l&rsquo;app\u00e9tit [&hellip;]","og_url":"https:\/\/mapleviewagri.ca\/fr\/product\/mapleview-rapid-start-deccox\/","og_site_name":"Mapleview Agri","article_publisher":"https:\/\/www.facebook.com\/Mapleview-Agri-Ltd-253859671480070\/","article_modified_time":"2022-03-08T13:54:16+00:00","og_image":[{"width":1400,"height":875,"url":"https:\/\/mapleviewagri.ca\/wp-content\/uploads\/2021\/12\/mapleview-41.jpg","type":"image\/jpeg"}],"twitter_card":"summary_large_image","twitter_site":"@mapleviewagri","twitter_misc":{"Dur\u00e9e de lecture estim\u00e9e":"2 minutes"},"schema":{"@context":"https:\/\/schema.org","@graph":[{"@type":"WebPage","@id":"https:\/\/mapleviewagri.ca\/fr\/product\/mapleview-rapid-start-deccox\/","url":"https:\/\/mapleviewagri.ca\/fr\/product\/mapleview-rapid-start-deccox\/","name":"Mapleview Rapid Start + Deccox - Mapleview Agri","isPartOf":{"@id":"https:\/\/mapleviewagri.ca\/fr\/#website"},"primaryImageOfPage":{"@id":"https:\/\/mapleviewagri.ca\/fr\/product\/mapleview-rapid-start-deccox\/#primaryimage"},"image":{"@id":"https:\/\/mapleviewagri.ca\/fr\/product\/mapleview-rapid-start-deccox\/#primaryimage"},"thumbnailUrl":"https:\/\/mapleviewagri.ca\/wp-content\/uploads\/2021\/12\/IMG_5955-2-scaled-e1725893410319.jpg","datePublished":"2022-03-08T13:17:54+00:00","dateModified":"2022-03-08T13:54:16+00:00","breadcrumb":{"@id":"https:\/\/mapleviewagri.ca\/fr\/product\/mapleview-rapid-start-deccox\/#breadcrumb"},"inLanguage":"fr-FR","potentialAction":[{"@type":"ReadAction","target":["https:\/\/mapleviewagri.ca\/fr\/product\/mapleview-rapid-start-deccox\/"]}]},{"@type":"ImageObject","inLanguage":"fr-FR","@id":"https:\/\/mapleviewagri.ca\/fr\/product\/mapleview-rapid-start-deccox\/#primaryimage","url":"https:\/\/mapleviewagri.ca\/wp-content\/uploads\/2021\/12\/IMG_5955-2-scaled-e1725893410319.jpg","contentUrl":"https:\/\/mapleviewagri.ca\/wp-content\/uploads\/2021\/12\/IMG_5955-2-scaled-e1725893410319.jpg","width":1707,"height":2560},{"@type":"BreadcrumbList","@id":"https:\/\/mapleviewagri.ca\/fr\/product\/mapleview-rapid-start-deccox\/#breadcrumb","itemListElement":[{"@type":"ListItem","position":1,"name":"Home","item":"https:\/\/mapleviewagri.ca\/fr\/"},{"@type":"ListItem","position":2,"name":"Mapleview Rapid Start + Deccox"}]},{"@type":"WebSite","@id":"https:\/\/mapleviewagri.ca\/fr\/#website","url":"https:\/\/mapleviewagri.ca\/fr\/","name":"Mapleview Agri","description":"Future performance starts today.","publisher":{"@id":"https:\/\/mapleviewagri.ca\/fr\/#organization"},"potentialAction":[{"@type":"SearchAction","target":{"@type":"EntryPoint","urlTemplate":"https:\/\/mapleviewagri.ca\/fr\/?s={search_term_string}"},"query-input":{"@type":"PropertyValueSpecification","valueRequired":true,"valueName":"search_term_string"}}],"inLanguage":"fr-FR"},{"@type":"Organization","@id":"https:\/\/mapleviewagri.ca\/fr\/#organization","name":"Mapleview Agri ltd.","url":"https:\/\/mapleviewagri.ca\/fr\/","logo":{"@type":"ImageObject","inLanguage":"fr-FR","@id":"https:\/\/mapleviewagri.ca\/fr\/#\/schema\/logo\/image\/","url":"https:\/\/mapleviewagri.ca\/wp-content\/uploads\/2022\/02\/mapleview-agri-ltd-logo-1.jpg","contentUrl":"https:\/\/mapleviewagri.ca\/wp-content\/uploads\/2022\/02\/mapleview-agri-ltd-logo-1.jpg","width":1000,"height":778,"caption":"Mapleview Agri ltd."},"image":{"@id":"https:\/\/mapleviewagri.ca\/fr\/#\/schema\/logo\/image\/"},"sameAs":["https:\/\/www.facebook.com\/Mapleview-Agri-Ltd-253859671480070\/","https:\/\/x.com\/mapleviewagri","https:\/\/www.instagram.com\/mapleviewagriltd\/"]}]}},"_links":{"self":[{"href":"https:\/\/mapleviewagri.ca\/fr\/wp-json\/wp\/v2\/product\/1608","targetHints":{"allow":["GET"]}}],"collection":[{"href":"https:\/\/mapleviewagri.ca\/fr\/wp-json\/wp\/v2\/product"}],"about":[{"href":"https:\/\/mapleviewagri.ca\/fr\/wp-json\/wp\/v2\/types\/product"}],"wp:featuredmedia":[{"embeddable":true,"href":"https:\/\/mapleviewagri.ca\/fr\/wp-json\/wp\/v2\/media\/2356"}],"wp:attachment":[{"href":"https:\/\/mapleviewagri.ca\/fr\/wp-json\/wp\/v2\/media?parent=1608"}],"wp:term":[{"taxonomy":"product_categories","embeddable":true,"href":"https:\/\/mapleviewagri.ca\/fr\/wp-json\/wp\/v2\/product_categories?post=1608"}],"curies":[{"name":"wp","href":"https:\/\/api.w.org\/{rel}","templated":true}]}}